{"id":30987,"date":"2025-12-22T13:04:16","date_gmt":"2025-12-22T12:04:16","guid":{"rendered":"https:\/\/www.kryptonchemical.com\/magazines\/"},"modified":"2025-12-22T15:48:32","modified_gmt":"2025-12-22T14:48:32","slug":"magazines","status":"publish","type":"page","link":"https:\/\/www.kryptonchemical.com\/fr\/magazines\/","title":{"rendered":"Magazines"},"content":{"rendered":"\t\t<div data-elementor-type=\"wp-page\" data-elementor-id=\"30987\" class=\"elementor elementor-30987 elementor-30944\">\n\t\t\t\t\t\t<section class=\"elementor-section elementor-top-section elementor-element elementor-element-68853b4 elementor-section-height-min-height elementor-section-stretched elementor-section-boxed elementor-section-height-default elementor-section-items-middle\" data-id=\"68853b4\" data-element_type=\"section\" data-e-type=\"section\" data-settings=\"{&quot;stretch_section&quot;:&quot;section-stretched&quot;,&quot;background_background&quot;:&quot;slideshow&quot;,&quot;background_slideshow_gallery&quot;:[{&quot;id&quot;:20656,&quot;url&quot;:&quot;https:\\\/\\\/www.kryptonchemical.com\\\/wp-content\\\/uploads\\\/2024\\\/12\\\/Grupo-463-e1733245104717.png&quot;}],&quot;background_slideshow_loop&quot;:&quot;yes&quot;,&quot;background_slideshow_slide_duration&quot;:5000,&quot;background_slideshow_slide_transition&quot;:&quot;fade&quot;,&quot;background_slideshow_transition_duration&quot;:500}\">\n\t\t\t\t\t\t<div class=\"elementor-container elementor-column-gap-default\">\n\t\t\t\t\t<div class=\"elementor-column elementor-col-100 elementor-top-column elementor-element elementor-element-a3a07a3\" data-id=\"a3a07a3\" data-element_type=\"column\" data-e-type=\"column\">\n\t\t\t<div class=\"elementor-widget-wrap elementor-element-populated\">\n\t\t\t\t\t\t<div class=\"elementor-element elementor-element-b243d6e elementor-widget elementor-widget-industrium_heading\" data-id=\"b243d6e\" data-element_type=\"widget\" data-e-type=\"widget\" data-widget_type=\"industrium_heading.default\">\n\t\t\t\t<div class=\"elementor-widget-container\">\n\t\t\t\t\t<div class=\"industrium-heading-widget\"><h1 class=\"industrium-heading\"><span class=\"industrium-heading-content\">Magazines<\/span><\/h1><\/div>\t\t\t\t<\/div>\n\t\t\t\t<\/div>\n\t\t\t\t<div class=\"elementor-element elementor-element-044827d elementor-widget__width-initial elementor-widget elementor-widget-text-editor\" data-id=\"044827d\" data-element_type=\"widget\" data-e-type=\"widget\" data-widget_type=\"text-editor.default\">\n\t\t\t\t<div class=\"elementor-widget-container\">\n\t\t\t\t\t\t\t\t\t<p>Connaissance technique, innovation et vision globale du secteur.<\/p>\t\t\t\t\t\t\t\t<\/div>\n\t\t\t\t<\/div>\n\t\t\t\t\t<\/div>\n\t\t<\/div>\n\t\t\t\t\t<\/div>\n\t\t<\/section>\n\t\t\t\t<section class=\"elementor-section elementor-top-section elementor-element elementor-element-e675904 elementor-section-boxed elementor-section-height-default elementor-section-height-default\" data-id=\"e675904\" data-element_type=\"section\" data-e-type=\"section\">\n\t\t\t\t\t\t<div class=\"elementor-container elementor-column-gap-default\">\n\t\t\t\t\t<div class=\"elementor-column elementor-col-100 elementor-top-column elementor-element elementor-element-dfa500b\" data-id=\"dfa500b\" data-element_type=\"column\" data-e-type=\"column\">\n\t\t\t<div class=\"elementor-widget-wrap elementor-element-populated\">\n\t\t\t\t\t\t<div class=\"elementor-element elementor-element-6ec19ea elementor-widget elementor-widget-industrium_heading\" data-id=\"6ec19ea\" data-element_type=\"widget\" data-e-type=\"widget\" data-widget_type=\"industrium_heading.default\">\n\t\t\t\t<div class=\"elementor-widget-container\">\n\t\t\t\t\t<div class=\"industrium-heading-widget\"><h2 class=\"industrium-heading\"><span class=\"industrium-subheading\">Actualit\u00e9s<\/span><span class=\"industrium-heading-content\">Magazines<\/span><\/h2><\/div>\t\t\t\t<\/div>\n\t\t\t\t<\/div>\n\t\t\t\t<div class=\"elementor-element elementor-element-64ad75a elementor-widget__width-initial elementor-widget elementor-widget-text-editor\" data-id=\"64ad75a\" data-element_type=\"widget\" data-e-type=\"widget\" data-widget_type=\"text-editor.default\">\n\t\t\t\t<div class=\"elementor-widget-container\">\n\t\t\t\t\t\t\t\t\t<p>\u00c0 travers les magazines de Krypton Chemical, nous partageons des contenus techniques, des articles sp\u00e9cialis\u00e9s, des projets de r\u00e9f\u00e9rence et la vision de notre entreprise sur l\u2019innovation, la qualit\u00e9 et l\u2019\u00e9volution du secteur.<\/p>\t\t\t\t\t\t\t\t<\/div>\n\t\t\t\t<\/div>\n\t\t\t\t\t<\/div>\n\t\t<\/div>\n\t\t\t\t\t<\/div>\n\t\t<\/section>\n\t\t\t\t<section class=\"elementor-section elementor-top-section elementor-element elementor-element-ed0eb21 elementor-section-row-wrap elementor-section-boxed elementor-section-height-default elementor-section-height-default\" data-id=\"ed0eb21\" data-element_type=\"section\" data-e-type=\"section\">\n\t\t\t\t\t\t<div class=\"elementor-container elementor-column-gap-default\">\n\t\t\t\t\t<div class=\"elementor-column elementor-col-33 elementor-top-column elementor-element elementor-element-172f42f\" data-id=\"172f42f\" data-element_type=\"column\" data-e-type=\"column\">\n\t\t\t<div class=\"elementor-widget-wrap elementor-element-populated\">\n\t\t\t\t\t\t<section class=\"elementor-section elementor-inner-section elementor-element elementor-element-583eb74 elementor-section-height-min-height elementor-section-boxed elementor-section-height-default\" data-id=\"583eb74\" data-element_type=\"section\" data-e-type=\"section\" data-settings=\"{&quot;background_background&quot;:&quot;slideshow&quot;,&quot;background_slideshow_gallery&quot;:[{&quot;id&quot;:31009,&quot;url&quot;:&quot;https:\\\/\\\/www.kryptonchemical.com\\\/wp-content\\\/uploads\\\/2025\\\/12\\\/Magazine2025-en.png&quot;}],&quot;background_slideshow_loop&quot;:&quot;yes&quot;,&quot;background_slideshow_slide_duration&quot;:5000,&quot;background_slideshow_slide_transition&quot;:&quot;fade&quot;,&quot;background_slideshow_transition_duration&quot;:500}\">\n\t\t\t\t\t\t<div class=\"elementor-container elementor-column-gap-default\">\n\t\t\t\t\t<div class=\"elementor-column elementor-col-100 elementor-inner-column elementor-element elementor-element-d806ff2\" data-id=\"d806ff2\" data-element_type=\"column\" data-e-type=\"column\" data-settings=\"{&quot;background_background&quot;:&quot;slideshow&quot;,&quot;background_slideshow_gallery&quot;:[],&quot;background_slideshow_loop&quot;:&quot;yes&quot;,&quot;background_slideshow_slide_duration&quot;:5000,&quot;background_slideshow_slide_transition&quot;:&quot;fade&quot;,&quot;background_slideshow_transition_duration&quot;:500}\">\n\t\t\t<div class=\"elementor-widget-wrap\">\n\t\t\t\t\t\t\t<\/div>\n\t\t<\/div>\n\t\t\t\t\t<\/div>\n\t\t<\/section>\n\t\t\t\t<div class=\"elementor-element elementor-element-88ccd01 elementor-widget elementor-widget-heading\" data-id=\"88ccd01\" data-element_type=\"widget\" data-e-type=\"widget\" data-widget_type=\"heading.default\">\n\t\t\t\t<div class=\"elementor-widget-container\">\n\t\t\t\t\t<h3 class=\"elementor-heading-title elementor-size-default\">Octobre 2025<\/h3>\t\t\t\t<\/div>\n\t\t\t\t<\/div>\n\t\t\t\t<div class=\"elementor-element elementor-element-3454cdc elementor-hidden-mobile elementor-widget elementor-widget-industrium_button\" data-id=\"3454cdc\" data-element_type=\"widget\" data-e-type=\"widget\" data-widget_type=\"industrium_button.default\">\n\t\t\t\t<div class=\"elementor-widget-container\">\n\t\t\t\t\t\n        <div class=\"button-widget\">\n            <div class=\"button-container\">\n                <a class=\"industrium-button button-type-1\" href=\"https:\/\/www.kryptonchemical.com\/wp-content\/uploads\/2025\/12\/MAGAZINE-KRYPTON-2025-en_min.pdf\" target=\"_blank\">\n                    T\u00c9L\u00c9CHARGER<svg viewBox=\"0 0 13 20\"><polyline points=\"0.5 19.5 3 19.5 12.5 10 3 0.5\"><\/polyline><\/svg>                    \n                <\/a>\n            <\/div>\n        <\/div>\n        \t\t\t\t<\/div>\n\t\t\t\t<\/div>\n\t\t\t\t\t<\/div>\n\t\t<\/div>\n\t\t\t\t<div class=\"elementor-column elementor-col-33 elementor-top-column elementor-element elementor-element-60834e4\" data-id=\"60834e4\" data-element_type=\"column\" data-e-type=\"column\">\n\t\t\t<div class=\"elementor-widget-wrap elementor-element-populated\">\n\t\t\t\t\t\t<section class=\"elementor-section elementor-inner-section elementor-element elementor-element-6ce1d5c elementor-section-height-min-height elementor-section-boxed elementor-section-height-default\" data-id=\"6ce1d5c\" data-element_type=\"section\" data-e-type=\"section\" data-settings=\"{&quot;background_background&quot;:&quot;slideshow&quot;,&quot;background_slideshow_gallery&quot;:[{&quot;id&quot;:31006,&quot;url&quot;:&quot;https:\\\/\\\/www.kryptonchemical.com\\\/wp-content\\\/uploads\\\/2025\\\/12\\\/Magazine2024-en.png&quot;}],&quot;background_slideshow_loop&quot;:&quot;yes&quot;,&quot;background_slideshow_slide_duration&quot;:5000,&quot;background_slideshow_slide_transition&quot;:&quot;fade&quot;,&quot;background_slideshow_transition_duration&quot;:500}\">\n\t\t\t\t\t\t<div class=\"elementor-container elementor-column-gap-default\">\n\t\t\t\t\t<div class=\"elementor-column elementor-col-100 elementor-inner-column elementor-element elementor-element-d9771fa\" data-id=\"d9771fa\" data-element_type=\"column\" data-e-type=\"column\" data-settings=\"{&quot;background_background&quot;:&quot;slideshow&quot;,&quot;background_slideshow_gallery&quot;:[],&quot;background_slideshow_loop&quot;:&quot;yes&quot;,&quot;background_slideshow_slide_duration&quot;:5000,&quot;background_slideshow_slide_transition&quot;:&quot;fade&quot;,&quot;background_slideshow_transition_duration&quot;:500}\">\n\t\t\t<div class=\"elementor-widget-wrap\">\n\t\t\t\t\t\t\t<\/div>\n\t\t<\/div>\n\t\t\t\t\t<\/div>\n\t\t<\/section>\n\t\t\t\t<div class=\"elementor-element elementor-element-b893741 elementor-widget elementor-widget-heading\" data-id=\"b893741\" data-element_type=\"widget\" data-e-type=\"widget\" data-widget_type=\"heading.default\">\n\t\t\t\t<div class=\"elementor-widget-container\">\n\t\t\t\t\t<h3 class=\"elementor-heading-title elementor-size-default\">D\u00e9cembre 2024<\/h3>\t\t\t\t<\/div>\n\t\t\t\t<\/div>\n\t\t\t\t<div class=\"elementor-element elementor-element-350a37b elementor-hidden-mobile elementor-widget elementor-widget-industrium_button\" data-id=\"350a37b\" data-element_type=\"widget\" data-e-type=\"widget\" data-widget_type=\"industrium_button.default\">\n\t\t\t\t<div class=\"elementor-widget-container\">\n\t\t\t\t\t\n        <div class=\"button-widget\">\n            <div class=\"button-container\">\n                <a class=\"industrium-button button-type-1\" href=\"https:\/\/www.kryptonchemical.com\/wp-content\/uploads\/2025\/12\/Magazine-2024-en_min.pdf\" target=\"_blank\">\n                    T\u00c9L\u00c9CHARGER<svg viewBox=\"0 0 13 20\"><polyline points=\"0.5 19.5 3 19.5 12.5 10 3 0.5\"><\/polyline><\/svg>                    \n                <\/a>\n            <\/div>\n        <\/div>\n        \t\t\t\t<\/div>\n\t\t\t\t<\/div>\n\t\t\t\t\t<\/div>\n\t\t<\/div>\n\t\t\t\t<div class=\"elementor-column elementor-col-33 elementor-top-column elementor-element elementor-element-fdcb3c4\" data-id=\"fdcb3c4\" data-element_type=\"column\" data-e-type=\"column\">\n\t\t\t<div class=\"elementor-widget-wrap elementor-element-populated\">\n\t\t\t\t\t\t<section class=\"elementor-section elementor-inner-section elementor-element elementor-element-0b2d843 elementor-section-height-min-height elementor-section-boxed elementor-section-height-default\" data-id=\"0b2d843\" data-element_type=\"section\" data-e-type=\"section\" data-settings=\"{&quot;background_background&quot;:&quot;slideshow&quot;,&quot;background_slideshow_gallery&quot;:[{&quot;id&quot;:31003,&quot;url&quot;:&quot;https:\\\/\\\/www.kryptonchemical.com\\\/wp-content\\\/uploads\\\/2025\\\/12\\\/Magazine2023-en.png&quot;}],&quot;background_slideshow_loop&quot;:&quot;yes&quot;,&quot;background_slideshow_slide_duration&quot;:5000,&quot;background_slideshow_slide_transition&quot;:&quot;fade&quot;,&quot;background_slideshow_transition_duration&quot;:500}\">\n\t\t\t\t\t\t<div class=\"elementor-container elementor-column-gap-default\">\n\t\t\t\t\t<div class=\"elementor-column elementor-col-100 elementor-inner-column elementor-element elementor-element-7f8f671\" data-id=\"7f8f671\" data-element_type=\"column\" data-e-type=\"column\" data-settings=\"{&quot;background_background&quot;:&quot;slideshow&quot;,&quot;background_slideshow_gallery&quot;:[],&quot;background_slideshow_loop&quot;:&quot;yes&quot;,&quot;background_slideshow_slide_duration&quot;:5000,&quot;background_slideshow_slide_transition&quot;:&quot;fade&quot;,&quot;background_slideshow_transition_duration&quot;:500}\">\n\t\t\t<div class=\"elementor-widget-wrap\">\n\t\t\t\t\t\t\t<\/div>\n\t\t<\/div>\n\t\t\t\t\t<\/div>\n\t\t<\/section>\n\t\t\t\t<div class=\"elementor-element elementor-element-56adc84 elementor-widget elementor-widget-heading\" data-id=\"56adc84\" data-element_type=\"widget\" data-e-type=\"widget\" data-widget_type=\"heading.default\">\n\t\t\t\t<div class=\"elementor-widget-container\">\n\t\t\t\t\t<h3 class=\"elementor-heading-title elementor-size-default\">Mars 2023<\/h3>\t\t\t\t<\/div>\n\t\t\t\t<\/div>\n\t\t\t\t<div class=\"elementor-element elementor-element-0b83cd8 elementor-hidden-mobile elementor-widget elementor-widget-industrium_button\" data-id=\"0b83cd8\" data-element_type=\"widget\" data-e-type=\"widget\" data-widget_type=\"industrium_button.default\">\n\t\t\t\t<div class=\"elementor-widget-container\">\n\t\t\t\t\t\n        <div class=\"button-widget\">\n            <div class=\"button-container\">\n                <a class=\"industrium-button button-type-1\" href=\"https:\/\/www.kryptonchemical.com\/wp-content\/uploads\/2025\/12\/MAGAZINE-Krypton-Chemical_EN_min.pdf\" target=\"_blank\">\n                    T\u00c9L\u00c9CHARGER<svg viewBox=\"0 0 13 20\"><polyline points=\"0.5 19.5 3 19.5 12.5 10 3 0.5\"><\/polyline><\/svg>                    \n                <\/a>\n            <\/div>\n        <\/div>\n        \t\t\t\t<\/div>\n\t\t\t\t<\/div>\n\t\t\t\t\t<\/div>\n\t\t<\/div>\n\t\t\t\t\t<\/div>\n\t\t<\/section>\n\t\t\t\t<section class=\"elementor-section elementor-top-section elementor-element elementor-element-c31dd39 elementor-section-row-wrap elementor-section-boxed elementor-section-height-default elementor-section-height-default\" data-id=\"c31dd39\" data-element_type=\"section\" data-e-type=\"section\">\n\t\t\t\t\t\t<div class=\"elementor-container elementor-column-gap-default\">\n\t\t\t\t\t<div class=\"elementor-column elementor-col-33 elementor-top-column elementor-element elementor-element-164d34f\" data-id=\"164d34f\" data-element_type=\"column\" data-e-type=\"column\">\n\t\t\t<div class=\"elementor-widget-wrap elementor-element-populated\">\n\t\t\t\t\t\t<section class=\"elementor-section elementor-inner-section elementor-element elementor-element-78b9775 elementor-section-height-min-height elementor-section-boxed elementor-section-height-default\" data-id=\"78b9775\" data-element_type=\"section\" data-e-type=\"section\" data-settings=\"{&quot;background_background&quot;:&quot;slideshow&quot;,&quot;background_slideshow_gallery&quot;:[{&quot;id&quot;:31000,&quot;url&quot;:&quot;https:\\\/\\\/www.kryptonchemical.com\\\/wp-content\\\/uploads\\\/2025\\\/12\\\/Magazine2022-en.png&quot;}],&quot;background_slideshow_loop&quot;:&quot;yes&quot;,&quot;background_slideshow_slide_duration&quot;:5000,&quot;background_slideshow_slide_transition&quot;:&quot;fade&quot;,&quot;background_slideshow_transition_duration&quot;:500}\">\n\t\t\t\t\t\t<div class=\"elementor-container elementor-column-gap-default\">\n\t\t\t\t\t<div class=\"elementor-column elementor-col-100 elementor-inner-column elementor-element elementor-element-35555ab\" data-id=\"35555ab\" data-element_type=\"column\" data-e-type=\"column\" data-settings=\"{&quot;background_background&quot;:&quot;slideshow&quot;,&quot;background_slideshow_gallery&quot;:[],&quot;background_slideshow_loop&quot;:&quot;yes&quot;,&quot;background_slideshow_slide_duration&quot;:5000,&quot;background_slideshow_slide_transition&quot;:&quot;fade&quot;,&quot;background_slideshow_transition_duration&quot;:500}\">\n\t\t\t<div class=\"elementor-widget-wrap\">\n\t\t\t\t\t\t\t<\/div>\n\t\t<\/div>\n\t\t\t\t\t<\/div>\n\t\t<\/section>\n\t\t\t\t<div class=\"elementor-element elementor-element-e661715 elementor-widget elementor-widget-heading\" data-id=\"e661715\" data-element_type=\"widget\" data-e-type=\"widget\" data-widget_type=\"heading.default\">\n\t\t\t\t<div class=\"elementor-widget-container\">\n\t\t\t\t\t<h3 class=\"elementor-heading-title elementor-size-default\">Janvier 2022<\/h3>\t\t\t\t<\/div>\n\t\t\t\t<\/div>\n\t\t\t\t<div class=\"elementor-element elementor-element-1b5f10f elementor-hidden-mobile elementor-widget elementor-widget-industrium_button\" data-id=\"1b5f10f\" data-element_type=\"widget\" data-e-type=\"widget\" data-widget_type=\"industrium_button.default\">\n\t\t\t\t<div class=\"elementor-widget-container\">\n\t\t\t\t\t\n        <div class=\"button-widget\">\n            <div class=\"button-container\">\n                <a class=\"industrium-button button-type-1\" href=\"https:\/\/www.kryptonchemical.com\/wp-content\/uploads\/2025\/12\/Magazine-Krypton-2022_EN-min.pdf\" target=\"_blank\">\n                    T\u00c9L\u00c9CHARGER<svg viewBox=\"0 0 13 20\"><polyline points=\"0.5 19.5 3 19.5 12.5 10 3 0.5\"><\/polyline><\/svg>                    \n                <\/a>\n            <\/div>\n        <\/div>\n        \t\t\t\t<\/div>\n\t\t\t\t<\/div>\n\t\t\t\t\t<\/div>\n\t\t<\/div>\n\t\t\t\t<div class=\"elementor-column elementor-col-33 elementor-top-column elementor-element elementor-element-71be229\" data-id=\"71be229\" data-element_type=\"column\" data-e-type=\"column\">\n\t\t\t<div class=\"elementor-widget-wrap\">\n\t\t\t\t\t\t\t<\/div>\n\t\t<\/div>\n\t\t\t\t<div class=\"elementor-column elementor-col-33 elementor-top-column elementor-element elementor-element-765ffdd\" data-id=\"765ffdd\" data-element_type=\"column\" data-e-type=\"column\">\n\t\t\t<div class=\"elementor-widget-wrap\">\n\t\t\t\t\t\t\t<\/div>\n\t\t<\/div>\n\t\t\t\t\t<\/div>\n\t\t<\/section>\n\t\t\t\t<\/div>\n\t\t","protected":false},"excerpt":{"rendered":"<p>Connaissance technique, innovation et vision globale du secteur. \u00c0 travers les magazines de Krypton Chemical, nous partageons des contenus techniques, des articles sp\u00e9cialis\u00e9s, des projets de r\u00e9f\u00e9rence et la vision de notre entreprise sur l\u2019innovation, la qualit\u00e9 et l\u2019\u00e9volution du secteur&#8230;.<\/p>\n","protected":false},"author":1,"featured_media":0,"parent":0,"menu_order":0,"comment_status":"closed","ping_status":"closed","template":"","meta":{"_acf_changed":false,"footnotes":""},"class_list":["post-30987","page","type-page","status-publish","hentry"],"acf":[],"yoast_head":"<!-- This site is optimized with the Yoast SEO plugin v27.3 - https:\/\/yoast.com\/product\/yoast-seo-wordpress\/ -->\n<title>Magazines - Krypton Chemical<\/title>\n<meta name=\"robots\" content=\"index, follow, max-snippet:-1, max-image-preview:large, max-video-preview:-1\" \/>\n<link rel=\"canonical\" href=\"https:\/\/www.kryptonchemical.com\/fr\/magazines\/\" \/>\n<meta property=\"og:locale\" content=\"fr_FR\" \/>\n<meta property=\"og:type\" content=\"article\" \/>\n<meta property=\"og:title\" content=\"Magazines - Krypton Chemical\" \/>\n<meta property=\"og:description\" content=\"Connaissance technique, innovation et vision globale du secteur. \u00c0 travers les magazines de Krypton Chemical, nous partageons des contenus techniques, des articles sp\u00e9cialis\u00e9s, des projets de r\u00e9f\u00e9rence et la vision de notre entreprise sur l\u2019innovation, la qualit\u00e9 et l\u2019\u00e9volution du secteur....\" \/>\n<meta property=\"og:url\" content=\"https:\/\/www.kryptonchemical.com\/fr\/magazines\/\" \/>\n<meta property=\"og:site_name\" content=\"Krypton Chemical\" \/>\n<meta property=\"article:modified_time\" content=\"2025-12-22T14:48:32+00:00\" \/>\n<meta name=\"twitter:card\" content=\"summary_large_image\" \/>\n<meta name=\"twitter:label1\" content=\"Est. reading time\" \/>\n\t<meta name=\"twitter:data1\" content=\"1 minute\" \/>\n<script type=\"application\/ld+json\" class=\"yoast-schema-graph\">{\"@context\":\"https:\\\/\\\/schema.org\",\"@graph\":[{\"@type\":\"WebPage\",\"@id\":\"https:\\\/\\\/www.kryptonchemical.com\\\/fr\\\/magazines\\\/\",\"url\":\"https:\\\/\\\/www.kryptonchemical.com\\\/fr\\\/magazines\\\/\",\"name\":\"Magazines - Krypton Chemical\",\"isPartOf\":{\"@id\":\"https:\\\/\\\/www.kryptonchemical.com\\\/#website\"},\"datePublished\":\"2025-12-22T12:04:16+00:00\",\"dateModified\":\"2025-12-22T14:48:32+00:00\",\"breadcrumb\":{\"@id\":\"https:\\\/\\\/www.kryptonchemical.com\\\/fr\\\/magazines\\\/#breadcrumb\"},\"inLanguage\":\"fr\",\"potentialAction\":[{\"@type\":\"ReadAction\",\"target\":[\"https:\\\/\\\/www.kryptonchemical.com\\\/fr\\\/magazines\\\/\"]}]},{\"@type\":\"BreadcrumbList\",\"@id\":\"https:\\\/\\\/www.kryptonchemical.com\\\/fr\\\/magazines\\\/#breadcrumb\",\"itemListElement\":[{\"@type\":\"ListItem\",\"position\":1,\"name\":\"Portada\",\"item\":\"https:\\\/\\\/www.kryptonchemical.com\\\/\"},{\"@type\":\"ListItem\",\"position\":2,\"name\":\"Magazines\"}]},{\"@type\":\"WebSite\",\"@id\":\"https:\\\/\\\/www.kryptonchemical.com\\\/#website\",\"url\":\"https:\\\/\\\/www.kryptonchemical.com\\\/\",\"name\":\"Krypton Chemical\",\"description\":\"\",\"publisher\":{\"@id\":\"https:\\\/\\\/www.kryptonchemical.com\\\/#organization\"},\"potentialAction\":[{\"@type\":\"SearchAction\",\"target\":{\"@type\":\"EntryPoint\",\"urlTemplate\":\"https:\\\/\\\/www.kryptonchemical.com\\\/?s={search_term_string}\"},\"query-input\":{\"@type\":\"PropertyValueSpecification\",\"valueRequired\":true,\"valueName\":\"search_term_string\"}}],\"inLanguage\":\"fr\"},{\"@type\":\"Organization\",\"@id\":\"https:\\\/\\\/www.kryptonchemical.com\\\/#organization\",\"name\":\"Krypton Chemical\",\"url\":\"https:\\\/\\\/www.kryptonchemical.com\\\/\",\"logo\":{\"@type\":\"ImageObject\",\"inLanguage\":\"fr\",\"@id\":\"https:\\\/\\\/www.kryptonchemical.com\\\/#\\\/schema\\\/logo\\\/image\\\/\",\"url\":\"https:\\\/\\\/www.kryptonchemical.com\\\/wp-content\\\/uploads\\\/2024\\\/09\\\/Krypton_logo.png\",\"contentUrl\":\"https:\\\/\\\/www.kryptonchemical.com\\\/wp-content\\\/uploads\\\/2024\\\/09\\\/Krypton_logo.png\",\"width\":240,\"height\":56,\"caption\":\"Krypton Chemical\"},\"image\":{\"@id\":\"https:\\\/\\\/www.kryptonchemical.com\\\/#\\\/schema\\\/logo\\\/image\\\/\"}}]}<\/script>\n<!-- \/ Yoast SEO plugin. -->","yoast_head_json":{"title":"Magazines - Krypton Chemical","robots":{"index":"index","follow":"follow","max-snippet":"max-snippet:-1","max-image-preview":"max-image-preview:large","max-video-preview":"max-video-preview:-1"},"canonical":"https:\/\/www.kryptonchemical.com\/fr\/magazines\/","og_locale":"fr_FR","og_type":"article","og_title":"Magazines - Krypton Chemical","og_description":"Connaissance technique, innovation et vision globale du secteur. \u00c0 travers les magazines de Krypton Chemical, nous partageons des contenus techniques, des articles sp\u00e9cialis\u00e9s, des projets de r\u00e9f\u00e9rence et la vision de notre entreprise sur l\u2019innovation, la qualit\u00e9 et l\u2019\u00e9volution du secteur....","og_url":"https:\/\/www.kryptonchemical.com\/fr\/magazines\/","og_site_name":"Krypton Chemical","article_modified_time":"2025-12-22T14:48:32+00:00","twitter_card":"summary_large_image","twitter_misc":{"Est. reading time":"1 minute"},"schema":{"@context":"https:\/\/schema.org","@graph":[{"@type":"WebPage","@id":"https:\/\/www.kryptonchemical.com\/fr\/magazines\/","url":"https:\/\/www.kryptonchemical.com\/fr\/magazines\/","name":"Magazines - Krypton Chemical","isPartOf":{"@id":"https:\/\/www.kryptonchemical.com\/#website"},"datePublished":"2025-12-22T12:04:16+00:00","dateModified":"2025-12-22T14:48:32+00:00","breadcrumb":{"@id":"https:\/\/www.kryptonchemical.com\/fr\/magazines\/#breadcrumb"},"inLanguage":"fr","potentialAction":[{"@type":"ReadAction","target":["https:\/\/www.kryptonchemical.com\/fr\/magazines\/"]}]},{"@type":"BreadcrumbList","@id":"https:\/\/www.kryptonchemical.com\/fr\/magazines\/#breadcrumb","itemListElement":[{"@type":"ListItem","position":1,"name":"Portada","item":"https:\/\/www.kryptonchemical.com\/"},{"@type":"ListItem","position":2,"name":"Magazines"}]},{"@type":"WebSite","@id":"https:\/\/www.kryptonchemical.com\/#website","url":"https:\/\/www.kryptonchemical.com\/","name":"Krypton Chemical","description":"","publisher":{"@id":"https:\/\/www.kryptonchemical.com\/#organization"},"potentialAction":[{"@type":"SearchAction","target":{"@type":"EntryPoint","urlTemplate":"https:\/\/www.kryptonchemical.com\/?s={search_term_string}"},"query-input":{"@type":"PropertyValueSpecification","valueRequired":true,"valueName":"search_term_string"}}],"inLanguage":"fr"},{"@type":"Organization","@id":"https:\/\/www.kryptonchemical.com\/#organization","name":"Krypton Chemical","url":"https:\/\/www.kryptonchemical.com\/","logo":{"@type":"ImageObject","inLanguage":"fr","@id":"https:\/\/www.kryptonchemical.com\/#\/schema\/logo\/image\/","url":"https:\/\/www.kryptonchemical.com\/wp-content\/uploads\/2024\/09\/Krypton_logo.png","contentUrl":"https:\/\/www.kryptonchemical.com\/wp-content\/uploads\/2024\/09\/Krypton_logo.png","width":240,"height":56,"caption":"Krypton Chemical"},"image":{"@id":"https:\/\/www.kryptonchemical.com\/#\/schema\/logo\/image\/"}}]}},"_links":{"self":[{"href":"https:\/\/www.kryptonchemical.com\/fr\/wp-json\/wp\/v2\/pages\/30987","targetHints":{"allow":["GET"]}}],"collection":[{"href":"https:\/\/www.kryptonchemical.com\/fr\/wp-json\/wp\/v2\/pages"}],"about":[{"href":"https:\/\/www.kryptonchemical.com\/fr\/wp-json\/wp\/v2\/types\/page"}],"author":[{"embeddable":true,"href":"https:\/\/www.kryptonchemical.com\/fr\/wp-json\/wp\/v2\/users\/1"}],"replies":[{"embeddable":true,"href":"https:\/\/www.kryptonchemical.com\/fr\/wp-json\/wp\/v2\/comments?post=30987"}],"version-history":[{"count":17,"href":"https:\/\/www.kryptonchemical.com\/fr\/wp-json\/wp\/v2\/pages\/30987\/revisions"}],"predecessor-version":[{"id":31050,"href":"https:\/\/www.kryptonchemical.com\/fr\/wp-json\/wp\/v2\/pages\/30987\/revisions\/31050"}],"wp:attachment":[{"href":"https:\/\/www.kryptonchemical.com\/fr\/wp-json\/wp\/v2\/media?parent=30987"}],"curies":[{"name":"wp","href":"https:\/\/api.w.org\/{rel}","templated":true}]}}