{"id":27239,"date":"2025-02-05T10:26:56","date_gmt":"2025-02-05T09:26:56","guid":{"rendered":"https:\/\/www.kryptonchemical.com\/fiches-techniques\/"},"modified":"2025-12-16T11:51:14","modified_gmt":"2025-12-16T10:51:14","slug":"fiches-techniques","status":"publish","type":"page","link":"https:\/\/www.kryptonchemical.com\/fr\/fiches-techniques\/","title":{"rendered":"Fiches Techniques"},"content":{"rendered":"\t\t<div data-elementor-type=\"wp-page\" data-elementor-id=\"27239\" class=\"elementor elementor-27239 elementor-18408\">\n\t\t\t\t\t\t<section class=\"elementor-section elementor-top-section elementor-element elementor-element-f67864e elementor-section-height-min-height elementor-section-stretched elementor-section-boxed elementor-section-height-default elementor-section-items-middle\" data-id=\"f67864e\" data-element_type=\"section\" data-e-type=\"section\" data-settings=\"{&quot;stretch_section&quot;:&quot;section-stretched&quot;,&quot;background_background&quot;:&quot;slideshow&quot;,&quot;background_slideshow_gallery&quot;:[{&quot;id&quot;:21138,&quot;url&quot;:&quot;https:\\\/\\\/www.kryptonchemical.com\\\/wp-content\\\/uploads\\\/2025\\\/02\\\/Grupo-623.jpg&quot;}],&quot;background_slideshow_loop&quot;:&quot;yes&quot;,&quot;background_slideshow_slide_duration&quot;:5000,&quot;background_slideshow_slide_transition&quot;:&quot;fade&quot;,&quot;background_slideshow_transition_duration&quot;:500}\">\n\t\t\t\t\t\t<div class=\"elementor-container elementor-column-gap-default\">\n\t\t\t\t\t<div class=\"elementor-column elementor-col-100 elementor-top-column elementor-element elementor-element-6e1f4a3\" data-id=\"6e1f4a3\" data-element_type=\"column\" data-e-type=\"column\">\n\t\t\t<div class=\"elementor-widget-wrap elementor-element-populated\">\n\t\t\t\t\t\t<div class=\"elementor-element elementor-element-cd769a5 elementor-widget__width-initial elementor-widget elementor-widget-text-editor\" data-id=\"cd769a5\" data-element_type=\"widget\" data-e-type=\"widget\" data-widget_type=\"text-editor.default\">\n\t\t\t\t<div class=\"elementor-widget-container\">\n\t\t\t\t\t\t\t\t\t<p>Documentation \/<\/p>\t\t\t\t\t\t\t\t<\/div>\n\t\t\t\t<\/div>\n\t\t\t\t<div class=\"elementor-element elementor-element-d984bc8 elementor-widget elementor-widget-industrium_heading\" data-id=\"d984bc8\" data-element_type=\"widget\" data-e-type=\"widget\" data-widget_type=\"industrium_heading.default\">\n\t\t\t\t<div class=\"elementor-widget-container\">\n\t\t\t\t\t<div class=\"industrium-heading-widget\"><h1 class=\"industrium-heading\"><span class=\"industrium-heading-content\">Fiches techniques<\/span><\/h1><\/div>\t\t\t\t<\/div>\n\t\t\t\t<\/div>\n\t\t\t\t<div class=\"elementor-element elementor-element-bef85c1 elementor-widget__width-initial elementor-widget elementor-widget-text-editor\" data-id=\"bef85c1\" data-element_type=\"widget\" data-e-type=\"widget\" data-widget_type=\"text-editor.default\">\n\t\t\t\t<div class=\"elementor-widget-container\">\n\t\t\t\t\t\t\t\t\t<p>T\u00e9l\u00e9chargez les fiches techniques de nos produits<\/p>\t\t\t\t\t\t\t\t<\/div>\n\t\t\t\t<\/div>\n\t\t\t\t\t<\/div>\n\t\t<\/div>\n\t\t\t\t\t<\/div>\n\t\t<\/section>\n\t\t\t\t<section class=\"elementor-section elementor-top-section elementor-element elementor-element-b9e0e35 elementor-section-boxed elementor-section-height-default elementor-section-height-default\" data-id=\"b9e0e35\" data-element_type=\"section\" data-e-type=\"section\">\n\t\t\t\t\t\t<div class=\"elementor-container elementor-column-gap-default\">\n\t\t\t\t\t<div class=\"elementor-column elementor-col-100 elementor-top-column elementor-element elementor-element-419c3ea\" data-id=\"419c3ea\" data-element_type=\"column\" data-e-type=\"column\">\n\t\t\t<div class=\"elementor-widget-wrap elementor-element-populated\">\n\t\t\t\t\t\t<div class=\"elementor-element elementor-element-7c17f30 elementor-widget elementor-widget-industrium_heading\" data-id=\"7c17f30\" data-element_type=\"widget\" data-e-type=\"widget\" data-widget_type=\"industrium_heading.default\">\n\t\t\t\t<div class=\"elementor-widget-container\">\n\t\t\t\t\t<div class=\"industrium-heading-widget\"><h2 class=\"industrium-heading\"><span class=\"industrium-subheading\">Documentation<\/span><span class=\"industrium-heading-content\">Fiches techniques<\/span><\/h2><\/div>\t\t\t\t<\/div>\n\t\t\t\t<\/div>\n\t\t\t\t<div class=\"elementor-element elementor-element-df0441c elementor-widget__width-initial elementor-widget elementor-widget-text-editor\" data-id=\"df0441c\" data-element_type=\"widget\" data-e-type=\"widget\" data-widget_type=\"text-editor.default\">\n\t\t\t\t<div class=\"elementor-widget-container\">\n\t\t\t\t\t\t\t\t\t<p>Chez Krypton Chemical, nous mettons \u00e0 votre disposition le t\u00e9l\u00e9chargement de nos fiches techniques afin que vous disposiez des informations les plus compl\u00e8tes sur leurs caract\u00e9ristiques.<\/p>\t\t\t\t\t\t\t\t<\/div>\n\t\t\t\t<\/div>\n\t\t\t\t\t<\/div>\n\t\t<\/div>\n\t\t\t\t\t<\/div>\n\t\t<\/section>\n\t\t\t\t<section class=\"elementor-section elementor-top-section elementor-element elementor-element-c467f66 elementor-section-boxed elementor-section-height-default elementor-section-height-default\" data-id=\"c467f66\" data-element_type=\"section\" data-e-type=\"section\">\n\t\t\t\t\t\t<div class=\"elementor-container elementor-column-gap-default\">\n\t\t\t\t\t<div class=\"elementor-column elementor-col-100 elementor-top-column elementor-element elementor-element-0fc9e1d\" data-id=\"0fc9e1d\" data-element_type=\"column\" data-e-type=\"column\">\n\t\t\t<div class=\"elementor-widget-wrap elementor-element-populated\">\n\t\t\t\t\t\t<div class=\"elementor-element elementor-element-1f4a27b elementor-widget elementor-widget-shortcode\" data-id=\"1f4a27b\" data-element_type=\"widget\" data-e-type=\"widget\" data-widget_type=\"shortcode.default\">\n\t\t\t\t<div class=\"elementor-widget-container\">\n\t\t\t\t\t\t\t<div class=\"elementor-shortcode\">    <input type=\"text\" id=\"gd-search\" placeholder=\"Buscar archivos...\" style=\"margin-bottom:10px; width:100%;\">\n    <ul id=\"gd-files-list\"><\/ul>\n\n    <script>\n    document.addEventListener('DOMContentLoaded', function() {\n        const folderId = \"1wIjZhn7ApOcyXJY-5JYk0TrYdCB8TOyh\";\n        const apiKey = \"AIzaSyByj1c7YGcviW2kBgnUiu56atU_H3vlp2s\";\n        const list = document.getElementById('gd-files-list');\n        const search = document.getElementById('gd-search');\n\n        async function fetchFiles() {\n            const query = `'${folderId}' in parents and trashed = false`;\n            const url = `https:\/\/www.googleapis.com\/drive\/v3\/files?q=${encodeURIComponent(query)}&key=${apiKey}&fields=files(id,name,webViewLink,modifiedTime)&pageSize=1000`;\n            const response = await fetch(url);\n            const result = await response.json();\n\n            if (!result.files) {\n                list.innerHTML = '<li>No se encontraron archivos.<\/li>';\n                return;\n            }\n\n            let files = result.files;\n\n            \/\/ Ordenar archivos por nombre alfab\u00e9ticamente\n            files.sort((a, b) => a.name.localeCompare(b.name, 'es', { sensitivity: 'base' }));\n\n            function formatDate(dateString) {\n                const options = { year: 'numeric', month: 'short', day: 'numeric' };\n                return new Date(dateString).toLocaleDateString('es-ES', options);\n            }\n\n            function renderList(filter = '') {\n                list.innerHTML = '';\n                files\n                    .filter(file => file.name.toLowerCase().includes(filter.toLowerCase()))\n                    .forEach(file => {\n                        const li = document.createElement('li');\n                        li.innerHTML = `\n                            <strong>${file.name}<\/strong> - (${formatDate(file.modifiedTime)})<br>\n                            <a onclick=\"toggleModal(event)\" class=\"linkModal\">\n                                ${wp.i18n.__('Pedir acceso a la ficha t\u00e9cnica', 'product-texts')}\n                            <\/a>\n                            <a target=\"_blank\" href=\"${file.webViewLink}\" class=\"linkFile hidden-custom\">\n                                ${wp.i18n.__('DESCARGAR', 'product-texts')}\n                            <\/a>\n                        `;\n                        list.appendChild(li);\n                    });\n            }\n\n            search.addEventListener('input', () => {\n                renderList(search.value);\n            });\n\n            renderList();\n        }\n\n        fetchFiles();\n    });\n    <\/script>\n                <div id=\"modalFormFile\" class=\"hidden-modal\">\n                \n                <div class=\"controler-modal\">\n                    <div class=\"header-modal\">\n                        <div class=\"formulario-email\">\n                            <p class=\"title-modal\">\n                                <img decoding=\"async\" class=\"img-hero-modal\" src=\"\/wp-content\/uploads\/2025\/01\/hero-modal-icon-1.svg\" alt=\"\">\n                                Demandez votre acc\u00e8s                            <\/p>\n                        <\/div>\n                        <div class=\"formulario-codigo\" style=\"display:none;\">\n                            <p class=\"title-modal\">\n                                <img decoding=\"async\" class=\"img-hero-modal\" src=\"\/wp-content\/uploads\/2025\/01\/hero-modal-icon-1.svg\" alt=\"\">\n                                Demander l&#039;acc\u00e8s aux produits                            <\/p>\n                        <\/div>\n                        <div class=\"contenido-protegido\" style=\"display:none;\">\n                        <p class=\"title-modal\">\n                                <img decoding=\"async\" class=\"img-hero-modal\" src=\"\/wp-content\/uploads\/2025\/01\/hero-modal-icon-2.svg\" alt=\"\">\n\t\t\t\t\t\t\t\tDemander l&#039;acc\u00e8s aux produits                            <\/p>\n                        <\/div>\n\n\n                    <\/div>\n\n                    <div class=\"formulario-body\">\n                         \n                        <div class=\"formulario-email\">\n                            <p class=\"extra-info-modal\">Saisissez votre adresse e-mail et v\u00e9rifiez qu&#039;il s&#039;agit bien de vous pour t\u00e9l\u00e9charger les documents prot\u00e9g\u00e9s pour ce produit. <\/p>\n                            <label style=\"display:none\" for=\"email\">Entrez votre email<\/label>\n                            <input type=\"email\" id=\"email\" placeholder=\"Entrez votre email\">\n                            <div class=\"fail-message\" style=\"display:none\">\n                                Error al introducir el mail                            <\/div>\n                        <\/div>\n\n                        <div class=\"formulario-codigo\" style=\"display:none;\">\n                            <p class=\"succes-send-modal\"><img decoding=\"async\" src=\"\/wp-content\/uploads\/2025\/01\/succes-send-modal.svg\"> Parfait\u00a0! Nous vous avons envoy\u00e9 un code.<\/p>\n                            <p class=\"extra-info-modal\">Entrez le code que vous avez re\u00e7u<\/p>\n                            <label style=\"display:none\" for=\"codigo\">Entrez le code<\/label>\n                            <input type=\"text\" id=\"codigo\" placeholder=\"Entrez le code\">\n                            <div class=\"fail-message\" style=\"display:none\">\n\t\t\t\t\t\t\t\tError al introducir el c\u00f3digo de verificacci\u00f3n                        \t<\/div>\n                        <\/div>\n\n                        <div class=\"contenido-protegido\" style=\"display:none;\">\n                            <p class=\"succes-send-modal\"><img decoding=\"async\" src=\"\/wp-content\/uploads\/2025\/01\/succes-send-modal.svg\">Corriger le code<\/p>\n                            <p style=\" margin-top:8px\">Vous pouvez d\u00e9sormais acc\u00e9der au contenu<\/p>\n                        <\/div>\n                       \n                    <\/div>\n                    <div class=\"fotter-modal\">\n                            <div class=\"formulario-email\">\n                                <button disabled id=\"send-code\" class=\"close-modal\" onclick=\"enviarCodigo()\">Envoyer le code<\/button>\n                            <\/div>\n                            <div class=\"formulario-codigo\" style=\"display:none;\">\n                                <button disabled id=\"confirm-code\" class=\"close-modal\" onclick=\"verificarCodigo()\">V\u00e9rifier le code<\/button>\n                            <\/div>\n                            <div class=\"contenido-protegido\" style=\"display:none;\">\n                                <button  class=\"close-modal\" onclick=\"toggleModal(event)\">Retour<\/button>\n                            <\/div>\n                            <button class=\"close-modal return\" onclick=\"toggleModal(event)\">Retour au dossier<\/button>\n\n                        <\/div>\n                    <\/div>\n                <\/div>\n            <\/div>\n            <script>\n\n            function toggleModal(event) {\n                event.preventDefault()\n                const modal = document.getElementById(\"modalFormFile\")\n                modal.classList.toggle(\"hidden-modal\")                \n            }\n\n            function enviarCodigo() {\n                var email = document.getElementById(\"email\").value;\n                let regex = \/^[^\\s@]+@[^\\s@]+\\.[^\\s@]+$\/;\n                if (!regex.test(email)){\n                    \/\/ alert(' mail incorrecto');\n                    document.querySelectorAll(\".fail-message\").forEach(el => {\n                            el.style.display = \"block\";\n                        });\n                    return\n                }\n                \n                fetch(\"https:\/\/www.kryptonchemical.com\/wp-admin\/admin-ajax.php\", {\n                    method: \"POST\",\n                    headers: { \"Content-Type\": \"application\/x-www-form-urlencoded\" },\n                    body: \"action=enviar_codigo&email=\" + email\n                }).then(response => response.json()).then(data => {\n                    if (data.success) {\n                        \/\/ alert(\"C\u00f3digo enviado al correo.\");\n                        document.querySelectorAll(\".formulario-email\").forEach(el => {\n                            el.style.display = \"none\";\n                        });\n                        document.querySelectorAll(\".formulario-codigo\").forEach(el => {\n                            el.style.display = \"block\";\n                        });\n                        document.querySelectorAll(\".fail-message\").forEach(el => {\n                            el.style.display = \"none\";\n                        });\n                    return\n                    }\n                });\n            }\n\n            function verificarCodigo() {\n                var codigo = document.getElementById(\"codigo\").value;\n                fetch(\"https:\/\/www.kryptonchemical.com\/wp-admin\/admin-ajax.php\", {\n                    method: \"POST\",\n                    headers: { \"Content-Type\": \"application\/x-www-form-urlencoded\" },\n                    body: \"action=verificar_codigo&codigo=\" + codigo\n                }).then(response => response.json()).then(data => {\n                    if (data.success) {\n                        \/\/ alert(\"C\u00f3digo correcto.\");\n                        \/\/ test\n                        document.querySelectorAll(\".formulario-codigo\").forEach(el => {\n                            el.style.display = \"none\";\n                        });\n                        document.querySelectorAll(\".contenido-protegido\").forEach(el => {\n                            el.style.display = \"block\";\n                        });\n                        \/\/ ocultar modal WIP\n\n                        \/\/ \n                        const linksShowModal = document.querySelectorAll(\".linkModal\")\n                        linksShowModal.forEach(element => {\n                            element.classList.add(\"hidden-custom\")\n                        });\n                        const linksShowFile = document.querySelectorAll(\".linkFile\")\n                        linksShowFile.forEach(element => {\n                            element.classList.remove(\"hidden-custom\")\n                        })\n                        document.querySelectorAll(\".fail-message\").forEach(el => {\n                            el.style.display = \"none\";\n                        });\n\n                    } else {\n                        \/\/ alert(\"C\u00f3digo incorrecto, intenta de nuevo.\");\n                        document.querySelectorAll(\".fail-message\").forEach(el => {\n                            el.style.display = \"block\";\n                        });\n                    }\n                });\n            }\n        <\/script>\n\n        <script>\n            const input = document.getElementById(\"email\");\n            const button = document.getElementById(\"send-code\");\n\n            input.addEventListener(\"input\", () => {\n                button.disabled = input.value.trim() === \"\";\n            });\n        <\/script>\n\n        <script>\n            const input2 = document.getElementById(\"codigo\");\n            const button2 = document.getElementById(\"confirm-code\");\n\n            input2.addEventListener(\"input\", () => {\n                button2.disabled = input2.value.trim() === \"\";\n            });\n        <\/script>\n    <\/div>\n\t\t\t\t\t\t<\/div>\n\t\t\t\t<\/div>\n\t\t\t\t\t<\/div>\n\t\t<\/div>\n\t\t\t\t\t<\/div>\n\t\t<\/section>\n\t\t\t\t<\/div>\n\t\t","protected":false},"excerpt":{"rendered":"<p>Documentation \/ T\u00e9l\u00e9chargez les fiches techniques de nos produits Chez Krypton Chemical, nous mettons \u00e0 votre disposition le t\u00e9l\u00e9chargement de nos fiches techniques afin que vous disposiez des informations les plus compl\u00e8tes sur leurs caract\u00e9ristiques.<\/p>\n","protected":false},"author":1,"featured_media":0,"parent":0,"menu_order":0,"comment_status":"closed","ping_status":"closed","template":"","meta":{"_acf_changed":false,"footnotes":""},"class_list":["post-27239","page","type-page","status-publish","hentry"],"acf":[],"yoast_head":"<!-- This site is optimized with the Yoast SEO plugin v27.6 - https:\/\/yoast.com\/product\/yoast-seo-wordpress\/ -->\n<title>Fiches Techniques - Krypton Chemical<\/title>\n<meta name=\"robots\" content=\"noindex, nofollow\" \/>\n<meta property=\"og:locale\" content=\"fr_FR\" \/>\n<meta property=\"og:type\" content=\"article\" \/>\n<meta property=\"og:title\" content=\"Fiches Techniques - Krypton Chemical\" \/>\n<meta property=\"og:description\" content=\"Documentation \/ T\u00e9l\u00e9chargez les fiches techniques de nos produits Chez Krypton Chemical, nous mettons \u00e0 votre disposition le t\u00e9l\u00e9chargement de nos fiches techniques afin que vous disposiez des informations les plus compl\u00e8tes sur leurs caract\u00e9ristiques.\" \/>\n<meta property=\"og:url\" content=\"https:\/\/www.kryptonchemical.com\/fichas-tecnicas\/\" \/>\n<meta property=\"og:site_name\" content=\"Krypton Chemical\" \/>\n<meta property=\"article:modified_time\" content=\"2025-12-16T10:51:14+00:00\" \/>\n<meta name=\"twitter:card\" content=\"summary_large_image\" \/>\n<meta name=\"twitter:label1\" content=\"Est. reading time\" \/>\n\t<meta name=\"twitter:data1\" content=\"1 minute\" \/>\n<script type=\"application\/ld+json\" class=\"yoast-schema-graph\">{\"@context\":\"https:\\\/\\\/schema.org\",\"@graph\":[{\"@type\":\"WebPage\",\"@id\":\"https:\\\/\\\/www.kryptonchemical.com\\\/fichas-tecnicas\\\/\",\"url\":\"https:\\\/\\\/www.kryptonchemical.com\\\/fichas-tecnicas\\\/\",\"name\":\"Fiches Techniques - Krypton Chemical\",\"isPartOf\":{\"@id\":\"https:\\\/\\\/www.kryptonchemical.com\\\/#website\"},\"datePublished\":\"2025-02-05T09:26:56+00:00\",\"dateModified\":\"2025-12-16T10:51:14+00:00\",\"breadcrumb\":{\"@id\":\"https:\\\/\\\/www.kryptonchemical.com\\\/fichas-tecnicas\\\/#breadcrumb\"},\"inLanguage\":\"fr\",\"potentialAction\":[{\"@type\":\"ReadAction\",\"target\":[\"https:\\\/\\\/www.kryptonchemical.com\\\/fichas-tecnicas\\\/\"]}]},{\"@type\":\"BreadcrumbList\",\"@id\":\"https:\\\/\\\/www.kryptonchemical.com\\\/fichas-tecnicas\\\/#breadcrumb\",\"itemListElement\":[{\"@type\":\"ListItem\",\"position\":1,\"name\":\"Portada\",\"item\":\"https:\\\/\\\/www.kryptonchemical.com\\\/\"},{\"@type\":\"ListItem\",\"position\":2,\"name\":\"Fiches Techniques\"}]},{\"@type\":\"WebSite\",\"@id\":\"https:\\\/\\\/www.kryptonchemical.com\\\/#website\",\"url\":\"https:\\\/\\\/www.kryptonchemical.com\\\/\",\"name\":\"Krypton Chemical\",\"description\":\"\",\"publisher\":{\"@id\":\"https:\\\/\\\/www.kryptonchemical.com\\\/#organization\"},\"potentialAction\":[{\"@type\":\"SearchAction\",\"target\":{\"@type\":\"EntryPoint\",\"urlTemplate\":\"https:\\\/\\\/www.kryptonchemical.com\\\/?s={search_term_string}\"},\"query-input\":{\"@type\":\"PropertyValueSpecification\",\"valueRequired\":true,\"valueName\":\"search_term_string\"}}],\"inLanguage\":\"fr\"},{\"@type\":\"Organization\",\"@id\":\"https:\\\/\\\/www.kryptonchemical.com\\\/#organization\",\"name\":\"Krypton Chemical\",\"url\":\"https:\\\/\\\/www.kryptonchemical.com\\\/\",\"logo\":{\"@type\":\"ImageObject\",\"inLanguage\":\"fr\",\"@id\":\"https:\\\/\\\/www.kryptonchemical.com\\\/#\\\/schema\\\/logo\\\/image\\\/\",\"url\":\"https:\\\/\\\/www.kryptonchemical.com\\\/wp-content\\\/uploads\\\/2024\\\/09\\\/Krypton_logo.png\",\"contentUrl\":\"https:\\\/\\\/www.kryptonchemical.com\\\/wp-content\\\/uploads\\\/2024\\\/09\\\/Krypton_logo.png\",\"width\":240,\"height\":56,\"caption\":\"Krypton Chemical\"},\"image\":{\"@id\":\"https:\\\/\\\/www.kryptonchemical.com\\\/#\\\/schema\\\/logo\\\/image\\\/\"}}]}<\/script>\n<!-- \/ Yoast SEO plugin. -->","yoast_head_json":{"title":"Fiches Techniques - Krypton Chemical","robots":{"index":"noindex","follow":"nofollow"},"og_locale":"fr_FR","og_type":"article","og_title":"Fiches Techniques - Krypton Chemical","og_description":"Documentation \/ T\u00e9l\u00e9chargez les fiches techniques de nos produits Chez Krypton Chemical, nous mettons \u00e0 votre disposition le t\u00e9l\u00e9chargement de nos fiches techniques afin que vous disposiez des informations les plus compl\u00e8tes sur leurs caract\u00e9ristiques.","og_url":"https:\/\/www.kryptonchemical.com\/fichas-tecnicas\/","og_site_name":"Krypton Chemical","article_modified_time":"2025-12-16T10:51:14+00:00","twitter_card":"summary_large_image","twitter_misc":{"Est. reading time":"1 minute"},"schema":{"@context":"https:\/\/schema.org","@graph":[{"@type":"WebPage","@id":"https:\/\/www.kryptonchemical.com\/fichas-tecnicas\/","url":"https:\/\/www.kryptonchemical.com\/fichas-tecnicas\/","name":"Fiches Techniques - Krypton Chemical","isPartOf":{"@id":"https:\/\/www.kryptonchemical.com\/#website"},"datePublished":"2025-02-05T09:26:56+00:00","dateModified":"2025-12-16T10:51:14+00:00","breadcrumb":{"@id":"https:\/\/www.kryptonchemical.com\/fichas-tecnicas\/#breadcrumb"},"inLanguage":"fr","potentialAction":[{"@type":"ReadAction","target":["https:\/\/www.kryptonchemical.com\/fichas-tecnicas\/"]}]},{"@type":"BreadcrumbList","@id":"https:\/\/www.kryptonchemical.com\/fichas-tecnicas\/#breadcrumb","itemListElement":[{"@type":"ListItem","position":1,"name":"Portada","item":"https:\/\/www.kryptonchemical.com\/"},{"@type":"ListItem","position":2,"name":"Fiches Techniques"}]},{"@type":"WebSite","@id":"https:\/\/www.kryptonchemical.com\/#website","url":"https:\/\/www.kryptonchemical.com\/","name":"Krypton Chemical","description":"","publisher":{"@id":"https:\/\/www.kryptonchemical.com\/#organization"},"potentialAction":[{"@type":"SearchAction","target":{"@type":"EntryPoint","urlTemplate":"https:\/\/www.kryptonchemical.com\/?s={search_term_string}"},"query-input":{"@type":"PropertyValueSpecification","valueRequired":true,"valueName":"search_term_string"}}],"inLanguage":"fr"},{"@type":"Organization","@id":"https:\/\/www.kryptonchemical.com\/#organization","name":"Krypton Chemical","url":"https:\/\/www.kryptonchemical.com\/","logo":{"@type":"ImageObject","inLanguage":"fr","@id":"https:\/\/www.kryptonchemical.com\/#\/schema\/logo\/image\/","url":"https:\/\/www.kryptonchemical.com\/wp-content\/uploads\/2024\/09\/Krypton_logo.png","contentUrl":"https:\/\/www.kryptonchemical.com\/wp-content\/uploads\/2024\/09\/Krypton_logo.png","width":240,"height":56,"caption":"Krypton Chemical"},"image":{"@id":"https:\/\/www.kryptonchemical.com\/#\/schema\/logo\/image\/"}}]}},"_links":{"self":[{"href":"https:\/\/www.kryptonchemical.com\/fr\/wp-json\/wp\/v2\/pages\/27239","targetHints":{"allow":["GET"]}}],"collection":[{"href":"https:\/\/www.kryptonchemical.com\/fr\/wp-json\/wp\/v2\/pages"}],"about":[{"href":"https:\/\/www.kryptonchemical.com\/fr\/wp-json\/wp\/v2\/types\/page"}],"author":[{"embeddable":true,"href":"https:\/\/www.kryptonchemical.com\/fr\/wp-json\/wp\/v2\/users\/1"}],"replies":[{"embeddable":true,"href":"https:\/\/www.kryptonchemical.com\/fr\/wp-json\/wp\/v2\/comments?post=27239"}],"version-history":[{"count":7,"href":"https:\/\/www.kryptonchemical.com\/fr\/wp-json\/wp\/v2\/pages\/27239\/revisions"}],"predecessor-version":[{"id":30912,"href":"https:\/\/www.kryptonchemical.com\/fr\/wp-json\/wp\/v2\/pages\/27239\/revisions\/30912"}],"wp:attachment":[{"href":"https:\/\/www.kryptonchemical.com\/fr\/wp-json\/wp\/v2\/media?parent=27239"}],"curies":[{"name":"wp","href":"https:\/\/api.w.org\/{rel}","templated":true}]}}